{"id":37942,"date":"2026-03-05T13:53:57","date_gmt":"2026-03-05T18:53:57","guid":{"rendered":"https:\/\/ingedisa.com.co\/?page_id=37942"},"modified":"2026-03-10T16:21:09","modified_gmt":"2026-03-10T21:21:09","slug":"tratamiento-de-datos-para-reuniones-virtuales","status":"publish","type":"page","link":"https:\/\/ingedisa.com.co\/en\/etica-empresarial-y-politicas\/tratamiento-de-datos-para-reuniones-virtuales\/","title":{"rendered":"Tratamiento de datos para reuniones virtuales"},"content":{"rendered":"<div data-elementor-type=\"wp-page\" data-elementor-id=\"37942\" class=\"elementor elementor-37942\" data-elementor-post-type=\"page\">\n\t\t\t\t\t\t<section class=\"elementor-section elementor-top-section elementor-element elementor-element-e3632ef elementor-section-boxed elementor-section-height-default elementor-section-height-default\" data-id=\"e3632ef\" data-element_type=\"section\" data-e-type=\"section\" data-settings=\"{&quot;background_background&quot;:&quot;slideshow&quot;,&quot;animation&quot;:&quot;none&quot;,&quot;background_slideshow_gallery&quot;:[],&quot;background_slideshow_slide_duration&quot;:5000,&quot;background_slideshow_slide_transition&quot;:&quot;fade&quot;,&quot;background_slideshow_transition_duration&quot;:500}\">\n\t\t\t\t\t\t<div class=\"elementor-container elementor-column-gap-default\">\n\t\t\t\t\t<div class=\"elementor-column elementor-col-100 elementor-top-column elementor-element elementor-element-19b24db\" data-id=\"19b24db\" data-element_type=\"column\" data-e-type=\"column\">\n\t\t\t<div class=\"elementor-widget-wrap elementor-element-populated\">\n\t\t\t\t\t\t<div class=\"elementor-element elementor-element-84f569c elementor-hidden-mobile elementor-widget elementor-widget-image\" data-id=\"84f569c\" data-element_type=\"widget\" data-e-type=\"widget\" data-widget_type=\"image.default\">\n\t\t\t\t<div class=\"elementor-widget-container\">\n\t\t\t\t\t\t\t\t\t\t\t\t\t\t\t<img fetchpriority=\"high\" decoding=\"async\" width=\"1902\" height=\"905\" src=\"https:\/\/ingedisa.com.co\/wp-content\/uploads\/2026\/03\/autorizacion_reuniones.png\" class=\"attachment-full size-full wp-image-38063\" alt=\"\" srcset=\"https:\/\/ingedisa.com.co\/wp-content\/uploads\/2026\/03\/autorizacion_reuniones.png 1902w, https:\/\/ingedisa.com.co\/wp-content\/uploads\/2026\/03\/autorizacion_reuniones-300x143.png 300w, https:\/\/ingedisa.com.co\/wp-content\/uploads\/2026\/03\/autorizacion_reuniones-1024x487.png 1024w, https:\/\/ingedisa.com.co\/wp-content\/uploads\/2026\/03\/autorizacion_reuniones-768x365.png 768w, https:\/\/ingedisa.com.co\/wp-content\/uploads\/2026\/03\/autorizacion_reuniones-1536x731.png 1536w, https:\/\/ingedisa.com.co\/wp-content\/uploads\/2026\/03\/autorizacion_reuniones-18x9.png 18w\" sizes=\"(max-width: 1902px) 100vw, 1902px\" \/>\t\t\t\t\t\t\t\t\t\t\t\t\t\t\t<\/div>\n\t\t\t\t<\/div>\n\t\t\t\t<div class=\"elementor-element elementor-element-73139db elementor-hidden-desktop elementor-hidden-tablet elementor-widget elementor-widget-image\" data-id=\"73139db\" data-element_type=\"widget\" data-e-type=\"widget\" data-widget_type=\"image.default\">\n\t\t\t\t<div class=\"elementor-widget-container\">\n\t\t\t\t\t\t\t\t\t\t\t\t\t\t\t<img decoding=\"async\" width=\"1080\" height=\"1920\" src=\"https:\/\/ingedisa.com.co\/wp-content\/uploads\/2026\/03\/autorizacion_datos_cl.png\" class=\"attachment-full size-full wp-image-38102\" alt=\"\" srcset=\"https:\/\/ingedisa.com.co\/wp-content\/uploads\/2026\/03\/autorizacion_datos_cl.png 1080w, https:\/\/ingedisa.com.co\/wp-content\/uploads\/2026\/03\/autorizacion_datos_cl-169x300.png 169w, https:\/\/ingedisa.com.co\/wp-content\/uploads\/2026\/03\/autorizacion_datos_cl-576x1024.png 576w, https:\/\/ingedisa.com.co\/wp-content\/uploads\/2026\/03\/autorizacion_datos_cl-768x1365.png 768w, https:\/\/ingedisa.com.co\/wp-content\/uploads\/2026\/03\/autorizacion_datos_cl-864x1536.png 864w, https:\/\/ingedisa.com.co\/wp-content\/uploads\/2026\/03\/autorizacion_datos_cl-7x12.png 7w\" sizes=\"(max-width: 1080px) 100vw, 1080px\" \/>\t\t\t\t\t\t\t\t\t\t\t\t\t\t\t<\/div>\n\t\t\t\t<\/div>\n\t\t\t\t\t<\/div>\n\t\t<\/div>\n\t\t\t\t\t<\/div>\n\t\t<\/section>\n\t\t\t\t<section class=\"elementor-section elementor-top-section elementor-element elementor-element-82ce339 elementor-section-boxed elementor-section-height-default elementor-section-height-default\" data-id=\"82ce339\" data-element_type=\"section\" data-e-type=\"section\">\n\t\t\t\t\t\t<div class=\"elementor-container elementor-column-gap-default\">\n\t\t\t\t\t<div class=\"elementor-column elementor-col-50 elementor-top-column elementor-element elementor-element-48984d1\" data-id=\"48984d1\" data-element_type=\"column\" data-e-type=\"column\" data-settings=\"{&quot;background_background&quot;:&quot;slideshow&quot;,&quot;background_slideshow_gallery&quot;:[],&quot;background_slideshow_slide_duration&quot;:5000,&quot;background_slideshow_slide_transition&quot;:&quot;fade&quot;,&quot;background_slideshow_transition_duration&quot;:500}\">\n\t\t\t<div class=\"elementor-widget-wrap elementor-element-populated\">\n\t\t\t\t\t\t<div class=\"elementor-element elementor-element-67893ac elementor-hidden-mobile elementor-widget elementor-widget-image\" data-id=\"67893ac\" data-element_type=\"widget\" data-e-type=\"widget\" data-widget_type=\"image.default\">\n\t\t\t\t<div class=\"elementor-widget-container\">\n\t\t\t\t\t\t\t\t\t\t\t\t\t\t\t<img decoding=\"async\" width=\"800\" height=\"380\" src=\"https:\/\/ingedisa.com.co\/wp-content\/uploads\/2026\/03\/datos_reuniones-1024x487.png\" class=\"attachment-large size-large wp-image-38014\" alt=\"\" srcset=\"https:\/\/ingedisa.com.co\/wp-content\/uploads\/2026\/03\/datos_reuniones-1024x487.png 1024w, https:\/\/ingedisa.com.co\/wp-content\/uploads\/2026\/03\/datos_reuniones-300x143.png 300w, https:\/\/ingedisa.com.co\/wp-content\/uploads\/2026\/03\/datos_reuniones-768x366.png 768w, https:\/\/ingedisa.com.co\/wp-content\/uploads\/2026\/03\/datos_reuniones-18x9.png 18w, https:\/\/ingedisa.com.co\/wp-content\/uploads\/2026\/03\/datos_reuniones.png 1189w\" sizes=\"(max-width: 800px) 100vw, 800px\" \/>\t\t\t\t\t\t\t\t\t\t\t\t\t\t\t<\/div>\n\t\t\t\t<\/div>\n\t\t\t\t<div class=\"elementor-element elementor-element-c6fbc65 elementor-hidden-desktop elementor-hidden-tablet elementor-widget elementor-widget-image\" data-id=\"c6fbc65\" data-element_type=\"widget\" data-e-type=\"widget\" data-widget_type=\"image.default\">\n\t\t\t\t<div class=\"elementor-widget-container\">\n\t\t\t\t\t\t\t\t\t\t\t\t\t\t\t<img loading=\"lazy\" decoding=\"async\" width=\"800\" height=\"167\" src=\"https:\/\/ingedisa.com.co\/wp-content\/uploads\/2026\/03\/fondo_lecciones-aprendidas.png\" class=\"attachment-large size-large wp-image-38107\" alt=\"\" srcset=\"https:\/\/ingedisa.com.co\/wp-content\/uploads\/2026\/03\/fondo_lecciones-aprendidas.png 957w, https:\/\/ingedisa.com.co\/wp-content\/uploads\/2026\/03\/fondo_lecciones-aprendidas-300x63.png 300w, https:\/\/ingedisa.com.co\/wp-content\/uploads\/2026\/03\/fondo_lecciones-aprendidas-768x161.png 768w, https:\/\/ingedisa.com.co\/wp-content\/uploads\/2026\/03\/fondo_lecciones-aprendidas-18x4.png 18w\" sizes=\"(max-width: 800px) 100vw, 800px\" \/>\t\t\t\t\t\t\t\t\t\t\t\t\t\t\t<\/div>\n\t\t\t\t<\/div>\n\t\t\t\t\t<\/div>\n\t\t<\/div>\n\t\t\t\t<div class=\"elementor-column elementor-col-50 elementor-top-column elementor-element elementor-element-72bfb42\" data-id=\"72bfb42\" data-element_type=\"column\" data-e-type=\"column\">\n\t\t\t<div class=\"elementor-widget-wrap elementor-element-populated\">\n\t\t\t\t\t\t<div class=\"elementor-element elementor-element-5cc7697 elementor-hidden-mobile elementor-widget elementor-widget-spacer\" data-id=\"5cc7697\" data-element_type=\"widget\" data-e-type=\"widget\" data-widget_type=\"spacer.default\">\n\t\t\t\t<div class=\"elementor-widget-container\">\n\t\t\t\t\t\t\t<div class=\"elementor-spacer\">\n\t\t\t<div class=\"elementor-spacer-inner\"><\/div>\n\t\t<\/div>\n\t\t\t\t\t\t<\/div>\n\t\t\t\t<\/div>\n\t\t\t\t<div class=\"elementor-element elementor-element-b85bd62 elementor-align-left elementor-hidden-mobile elementor-widget elementor-widget-button\" data-id=\"b85bd62\" data-element_type=\"widget\" data-e-type=\"widget\" data-widget_type=\"button.default\">\n\t\t\t\t<div class=\"elementor-widget-container\">\n\t\t\t\t\t\t\t\t\t<div class=\"elementor-button-wrapper\">\n\t\t\t\t\t<a class=\"elementor-button elementor-button-link elementor-size-sm\" href=\"https:\/\/ingedisa.com.co\/en\/etica-empresarial-y-politicas\/\">\n\t\t\t\t\t\t<span class=\"elementor-button-content-wrapper\">\n\t\t\t\t\t\t\t\t\t<span class=\"elementor-button-text\">\u00c9tica empresarial y pol\u00edticas<\/span>\n\t\t\t\t\t<\/span>\n\t\t\t\t\t<\/a>\n\t\t\t\t<\/div>\n\t\t\t\t\t\t\t\t<\/div>\n\t\t\t\t<\/div>\n\t\t\t\t<div class=\"elementor-element elementor-element-080fae4 elementor-align-left elementor-mobile-align-center elementor-hidden-desktop elementor-hidden-tablet elementor-widget elementor-widget-button\" data-id=\"080fae4\" data-element_type=\"widget\" data-e-type=\"widget\" data-widget_type=\"button.default\">\n\t\t\t\t<div class=\"elementor-widget-container\">\n\t\t\t\t\t\t\t\t\t<div class=\"elementor-button-wrapper\">\n\t\t\t\t\t<a class=\"elementor-button elementor-button-link elementor-size-sm\" href=\"https:\/\/ingedisa.com.co\/en\/etica-empresarial-y-politicas\/\">\n\t\t\t\t\t\t<span class=\"elementor-button-content-wrapper\">\n\t\t\t\t\t\t\t\t\t<span class=\"elementor-button-text\">\u00c9tica empresarial y pol\u00edticas<\/span>\n\t\t\t\t\t<\/span>\n\t\t\t\t\t<\/a>\n\t\t\t\t<\/div>\n\t\t\t\t\t\t\t\t<\/div>\n\t\t\t\t<\/div>\n\t\t\t\t<div class=\"elementor-element elementor-element-40263f2 elementor-widget elementor-widget-spacer\" data-id=\"40263f2\" data-element_type=\"widget\" data-e-type=\"widget\" data-widget_type=\"spacer.default\">\n\t\t\t\t<div class=\"elementor-widget-container\">\n\t\t\t\t\t\t\t<div class=\"elementor-spacer\">\n\t\t\t<div class=\"elementor-spacer-inner\"><\/div>\n\t\t<\/div>\n\t\t\t\t\t\t<\/div>\n\t\t\t\t<\/div>\n\t\t\t\t<div class=\"elementor-element elementor-element-80e5249 elementor-hidden-desktop elementor-hidden-tablet elementor-widget elementor-widget-image\" data-id=\"80e5249\" data-element_type=\"widget\" data-e-type=\"widget\" data-widget_type=\"image.default\">\n\t\t\t\t<div class=\"elementor-widget-container\">\n\t\t\t\t\t\t\t\t\t\t\t\t\t\t\t<img loading=\"lazy\" decoding=\"async\" width=\"800\" height=\"167\" src=\"https:\/\/ingedisa.com.co\/wp-content\/uploads\/2026\/03\/explicacion_tratamiento_datos.png\" class=\"attachment-large size-large wp-image-38111\" alt=\"\" srcset=\"https:\/\/ingedisa.com.co\/wp-content\/uploads\/2026\/03\/explicacion_tratamiento_datos.png 957w, https:\/\/ingedisa.com.co\/wp-content\/uploads\/2026\/03\/explicacion_tratamiento_datos-300x63.png 300w, https:\/\/ingedisa.com.co\/wp-content\/uploads\/2026\/03\/explicacion_tratamiento_datos-768x161.png 768w, https:\/\/ingedisa.com.co\/wp-content\/uploads\/2026\/03\/explicacion_tratamiento_datos-18x4.png 18w\" sizes=\"(max-width: 800px) 100vw, 800px\" \/>\t\t\t\t\t\t\t\t\t\t\t\t\t\t\t<\/div>\n\t\t\t\t<\/div>\n\t\t\t\t<div class=\"elementor-element elementor-element-60fc10c elementor-widget elementor-widget-spacer\" data-id=\"60fc10c\" data-element_type=\"widget\" data-e-type=\"widget\" data-widget_type=\"spacer.default\">\n\t\t\t\t<div class=\"elementor-widget-container\">\n\t\t\t\t\t\t\t<div class=\"elementor-spacer\">\n\t\t\t<div class=\"elementor-spacer-inner\"><\/div>\n\t\t<\/div>\n\t\t\t\t\t\t<\/div>\n\t\t\t\t<\/div>\n\t\t\t\t\t<\/div>\n\t\t<\/div>\n\t\t\t\t\t<\/div>\n\t\t<\/section>\n\t\t\t\t<\/div>","protected":false},"excerpt":{"rendered":"<p>\u00c9tica empresarial y pol\u00edticas \u00c9tica empresarial y pol\u00edticas<\/p>","protected":false},"author":333,"featured_media":0,"parent":28195,"menu_order":0,"comment_status":"closed","ping_status":"closed","template":"","meta":{"_seopress_robots_primary_cat":"","_seopress_titles_title":"","_seopress_titles_desc":"","_seopress_robots_index":"","footnotes":""},"class_list":["post-37942","page","type-page","status-publish","hentry"],"_links":{"self":[{"href":"https:\/\/ingedisa.com.co\/en\/wp-json\/wp\/v2\/pages\/37942","targetHints":{"allow":["GET"]}}],"collection":[{"href":"https:\/\/ingedisa.com.co\/en\/wp-json\/wp\/v2\/pages"}],"about":[{"href":"https:\/\/ingedisa.com.co\/en\/wp-json\/wp\/v2\/types\/page"}],"author":[{"embeddable":true,"href":"https:\/\/ingedisa.com.co\/en\/wp-json\/wp\/v2\/users\/333"}],"replies":[{"embeddable":true,"href":"https:\/\/ingedisa.com.co\/en\/wp-json\/wp\/v2\/comments?post=37942"}],"version-history":[{"count":172,"href":"https:\/\/ingedisa.com.co\/en\/wp-json\/wp\/v2\/pages\/37942\/revisions"}],"predecessor-version":[{"id":38132,"href":"https:\/\/ingedisa.com.co\/en\/wp-json\/wp\/v2\/pages\/37942\/revisions\/38132"}],"up":[{"embeddable":true,"href":"https:\/\/ingedisa.com.co\/en\/wp-json\/wp\/v2\/pages\/28195"}],"wp:attachment":[{"href":"https:\/\/ingedisa.com.co\/en\/wp-json\/wp\/v2\/media?parent=37942"}],"curies":[{"name":"wp","href":"https:\/\/api.w.org\/{rel}","templated":true}]}}